{"id":156,"date":"2018-08-26T11:58:14","date_gmt":"2018-08-26T11:58:14","guid":{"rendered":"http:\/\/mmamalaga.com\/?page_id=156"},"modified":"2018-08-30T23:03:48","modified_gmt":"2018-08-30T21:03:48","slug":"formacion-de-entrenadores","status":"publish","type":"page","link":"https:\/\/mmamalaga.com\/?page_id=156","title":{"rendered":"Formaci\u00f3n de Entrenadores"},"content":{"rendered":"<p><img loading=\"lazy\" decoding=\"async\" class=\"alignnone wp-image-160\" src=\"http:\/\/mmamalaga.com\/wp-content\/uploads\/2018\/08\/images-2-2.jpeg\" alt=\"\" width=\"503\" height=\"179\" \/><\/p>\n<h3><span style=\"color: #000000;\"><strong>Desde hace a\u00f1os venimos trabajando con distintas disciplinas marciales y deportivas, adquiriendo gran experiencia en la docencia y formaci\u00f3n de entrenadores. Llevamos muchos a\u00f1os impartiendo clases individuales\/colectivas y cursos en sus distintos niveles y p\u00fablico, desde alumnos con nula experiencia hasta profesionales de otras disciplinas, pero nuestro objetivo es disfrutar con aquello que nos apasiona, por eso estamos siempre emprendiendo nuevos proyectos e intentando crecer d\u00eda a d\u00eda, pero no a cualquier precio. Si eres profesor\/instructor de cualquier Arte Marcial o disciplina Deportiva de Combate, con inter\u00e9s en aprender e impartir MMA, o tienes pensamiento emprenderlo en breve en tu academia o club y te sientes aislado o perdido sin ning\u00fan tipo de gu\u00eda, no dudes en ponerte en contacto con nosotros y te ayudaremos a formarte dentro de un gran ambiente de compa\u00f1erismo, amistad y deportividad.<\/strong><\/span><\/h3>\n<p>&nbsp;<\/p>\n<a class=\"button small red\" href=\"https:\/\/youtu.be\/axCEoqwJ-Fg\" target=\"\"><span><\/span>Curso Striker Fighter MMA &amp; Grappling<\/a>\n<p>&nbsp;<\/p>\n<hr \/>\n<h2><span style=\"color: #ff0000;\"><strong>\u201cFILOSOFIA DE TRABAJO EN EL CD. MONFRINO\u201d<\/strong><\/span><\/h2>\n<p><strong><em>-La Rectitud: ser justo, imparcial y objetivo.<\/em><\/strong><\/p>\n<p><strong><em>-La Bondad: ser magn\u00e1nimo y tolerante.<\/em><\/strong><\/p>\n<p><strong><em>-La Cortesia: ser respetuoso y amable.<\/em><\/strong><\/p>\n<p><strong><em>-El Desprendimiento: ser desinteresado, saber compartir y ser generoso.<\/em><\/strong><\/p>\n<p><strong><em>-La Sinceridad: ser honesto y defender la verdad.<\/em><\/strong><\/p>\n<p><strong><em>-El Honor: ser una persona digna y de palabra.<\/em><\/strong><\/p>\n<p><strong><em>-La Lealtad: ser fiel a si mismo y a tu maestro.<\/em><\/strong><\/p>\n","protected":false},"excerpt":{"rendered":"<p>Desde hace a\u00f1os venimos trabajando con distintas disciplinas marciales y deportivas, adquiriendo gran experiencia en la docencia y formaci\u00f3n de entrenadores. Llevamos muchos a\u00f1os impartiendo clases individuales\/colectivas y cursos en sus distintos niveles y p\u00fablico, desde alumnos con nula experiencia hasta profesionales de otras disciplinas, pero nuestro objetivo es disfrutar con aquello que nos apasiona, &#8230;<\/p>\n","protected":false},"author":1,"featured_media":0,"parent":0,"menu_order":0,"comment_status":"closed","ping_status":"closed","template":"","meta":{"footnotes":""},"class_list":["post-156","page","type-page","status-publish","hentry"],"yoast_head":"<!-- This site is optimized with the Yoast SEO plugin v25.6 - https:\/\/yoast.com\/wordpress\/plugins\/seo\/ -->\n<title>Formaci\u00f3n de Entrenadores - Club Deportivo Monfrino-Escuela Deportiva y Social-<\/title>\n<meta name=\"robots\" content=\"index, follow, max-snippet:-1, max-image-preview:large, max-video-preview:-1\" \/>\n<link rel=\"canonical\" href=\"https:\/\/mmamalaga.com\/?page_id=156\" \/>\n<meta property=\"og:locale\" content=\"es_ES\" \/>\n<meta property=\"og:type\" content=\"article\" \/>\n<meta property=\"og:title\" content=\"Formaci\u00f3n de Entrenadores - Club Deportivo Monfrino-Escuela Deportiva y Social-\" \/>\n<meta property=\"og:description\" content=\"Desde hace a\u00f1os venimos trabajando con distintas disciplinas marciales y deportivas, adquiriendo gran experiencia en la docencia y formaci\u00f3n de entrenadores. Llevamos muchos a\u00f1os impartiendo clases individuales\/colectivas y cursos en sus distintos niveles y p\u00fablico, desde alumnos con nula experiencia hasta profesionales de otras disciplinas, pero nuestro objetivo es disfrutar con aquello que nos apasiona, ...\" \/>\n<meta property=\"og:url\" content=\"https:\/\/mmamalaga.com\/?page_id=156\" \/>\n<meta property=\"og:site_name\" content=\"Club Deportivo Monfrino-Escuela Deportiva y Social-\" \/>\n<meta property=\"article:publisher\" content=\"https:\/\/es-es.facebook.com\/C.D.Monfrino\/\" \/>\n<meta property=\"article:modified_time\" content=\"2018-08-30T21:03:48+00:00\" \/>\n<meta property=\"og:image\" content=\"http:\/\/mmamalaga.com\/wp-content\/uploads\/2018\/08\/images-2-2.jpeg\" \/>\n<meta name=\"twitter:card\" content=\"summary_large_image\" \/>\n<meta name=\"twitter:label1\" content=\"Tiempo de lectura\" \/>\n\t<meta name=\"twitter:data1\" content=\"1 minuto\" \/>\n<script type=\"application\/ld+json\" class=\"yoast-schema-graph\">{\"@context\":\"https:\/\/schema.org\",\"@graph\":[{\"@type\":\"WebPage\",\"@id\":\"https:\/\/mmamalaga.com\/?page_id=156\",\"url\":\"https:\/\/mmamalaga.com\/?page_id=156\",\"name\":\"Formaci\u00f3n de Entrenadores - Club Deportivo Monfrino-Escuela Deportiva y Social-\",\"isPartOf\":{\"@id\":\"https:\/\/mmamalaga.com\/#website\"},\"primaryImageOfPage\":{\"@id\":\"https:\/\/mmamalaga.com\/?page_id=156#primaryimage\"},\"image\":{\"@id\":\"https:\/\/mmamalaga.com\/?page_id=156#primaryimage\"},\"thumbnailUrl\":\"http:\/\/mmamalaga.com\/wp-content\/uploads\/2018\/08\/images-2-2.jpeg\",\"datePublished\":\"2018-08-26T11:58:14+00:00\",\"dateModified\":\"2018-08-30T21:03:48+00:00\",\"breadcrumb\":{\"@id\":\"https:\/\/mmamalaga.com\/?page_id=156#breadcrumb\"},\"inLanguage\":\"es\",\"potentialAction\":[{\"@type\":\"ReadAction\",\"target\":[\"https:\/\/mmamalaga.com\/?page_id=156\"]}]},{\"@type\":\"ImageObject\",\"inLanguage\":\"es\",\"@id\":\"https:\/\/mmamalaga.com\/?page_id=156#primaryimage\",\"url\":\"https:\/\/mmamalaga.com\/wp-content\/uploads\/2018\/08\/images-2-2.jpeg\",\"contentUrl\":\"https:\/\/mmamalaga.com\/wp-content\/uploads\/2018\/08\/images-2-2.jpeg\",\"width\":284,\"height\":101},{\"@type\":\"BreadcrumbList\",\"@id\":\"https:\/\/mmamalaga.com\/?page_id=156#breadcrumb\",\"itemListElement\":[{\"@type\":\"ListItem\",\"position\":1,\"name\":\"Portada\",\"item\":\"https:\/\/mmamalaga.com\/\"},{\"@type\":\"ListItem\",\"position\":2,\"name\":\"Formaci\u00f3n de Entrenadores\"}]},{\"@type\":\"WebSite\",\"@id\":\"https:\/\/mmamalaga.com\/#website\",\"url\":\"https:\/\/mmamalaga.com\/\",\"name\":\"Club Deportivo Monfrino\",\"description\":\"Club Deportivo Oficial para impartir Artes Marciales Mixtas en M\u00e1laga\",\"publisher\":{\"@id\":\"https:\/\/mmamalaga.com\/#organization\"},\"potentialAction\":[{\"@type\":\"SearchAction\",\"target\":{\"@type\":\"EntryPoint\",\"urlTemplate\":\"https:\/\/mmamalaga.com\/?s={search_term_string}\"},\"query-input\":{\"@type\":\"PropertyValueSpecification\",\"valueRequired\":true,\"valueName\":\"search_term_string\"}}],\"inLanguage\":\"es\"},{\"@type\":\"Organization\",\"@id\":\"https:\/\/mmamalaga.com\/#organization\",\"name\":\"Club Deportivo Monfrino\",\"url\":\"https:\/\/mmamalaga.com\/\",\"logo\":{\"@type\":\"ImageObject\",\"inLanguage\":\"es\",\"@id\":\"https:\/\/mmamalaga.com\/#\/schema\/logo\/image\/\",\"url\":\"http:\/\/mmamalaga.com\/wp-content\/uploads\/2018\/08\/logomonfri.png\",\"contentUrl\":\"http:\/\/mmamalaga.com\/wp-content\/uploads\/2018\/08\/logomonfri.png\",\"width\":288,\"height\":300,\"caption\":\"Club Deportivo Monfrino\"},\"image\":{\"@id\":\"https:\/\/mmamalaga.com\/#\/schema\/logo\/image\/\"},\"sameAs\":[\"https:\/\/es-es.facebook.com\/C.D.Monfrino\/\",\"https:\/\/www.youtube.com\/channel\/UCjsZ6FWqGH50enaFOLfBCZQ\"]}]}<\/script>\n<!-- \/ Yoast SEO plugin. -->","yoast_head_json":{"title":"Formaci\u00f3n de Entrenadores - Club Deportivo Monfrino-Escuela Deportiva y Social-","robots":{"index":"index","follow":"follow","max-snippet":"max-snippet:-1","max-image-preview":"max-image-preview:large","max-video-preview":"max-video-preview:-1"},"canonical":"https:\/\/mmamalaga.com\/?page_id=156","og_locale":"es_ES","og_type":"article","og_title":"Formaci\u00f3n de Entrenadores - Club Deportivo Monfrino-Escuela Deportiva y Social-","og_description":"Desde hace a\u00f1os venimos trabajando con distintas disciplinas marciales y deportivas, adquiriendo gran experiencia en la docencia y formaci\u00f3n de entrenadores. Llevamos muchos a\u00f1os impartiendo clases individuales\/colectivas y cursos en sus distintos niveles y p\u00fablico, desde alumnos con nula experiencia hasta profesionales de otras disciplinas, pero nuestro objetivo es disfrutar con aquello que nos apasiona, ...","og_url":"https:\/\/mmamalaga.com\/?page_id=156","og_site_name":"Club Deportivo Monfrino-Escuela Deportiva y Social-","article_publisher":"https:\/\/es-es.facebook.com\/C.D.Monfrino\/","article_modified_time":"2018-08-30T21:03:48+00:00","og_image":[{"url":"http:\/\/mmamalaga.com\/wp-content\/uploads\/2018\/08\/images-2-2.jpeg","type":"","width":"","height":""}],"twitter_card":"summary_large_image","twitter_misc":{"Tiempo de lectura":"1 minuto"},"schema":{"@context":"https:\/\/schema.org","@graph":[{"@type":"WebPage","@id":"https:\/\/mmamalaga.com\/?page_id=156","url":"https:\/\/mmamalaga.com\/?page_id=156","name":"Formaci\u00f3n de Entrenadores - Club Deportivo Monfrino-Escuela Deportiva y Social-","isPartOf":{"@id":"https:\/\/mmamalaga.com\/#website"},"primaryImageOfPage":{"@id":"https:\/\/mmamalaga.com\/?page_id=156#primaryimage"},"image":{"@id":"https:\/\/mmamalaga.com\/?page_id=156#primaryimage"},"thumbnailUrl":"http:\/\/mmamalaga.com\/wp-content\/uploads\/2018\/08\/images-2-2.jpeg","datePublished":"2018-08-26T11:58:14+00:00","dateModified":"2018-08-30T21:03:48+00:00","breadcrumb":{"@id":"https:\/\/mmamalaga.com\/?page_id=156#breadcrumb"},"inLanguage":"es","potentialAction":[{"@type":"ReadAction","target":["https:\/\/mmamalaga.com\/?page_id=156"]}]},{"@type":"ImageObject","inLanguage":"es","@id":"https:\/\/mmamalaga.com\/?page_id=156#primaryimage","url":"https:\/\/mmamalaga.com\/wp-content\/uploads\/2018\/08\/images-2-2.jpeg","contentUrl":"https:\/\/mmamalaga.com\/wp-content\/uploads\/2018\/08\/images-2-2.jpeg","width":284,"height":101},{"@type":"BreadcrumbList","@id":"https:\/\/mmamalaga.com\/?page_id=156#breadcrumb","itemListElement":[{"@type":"ListItem","position":1,"name":"Portada","item":"https:\/\/mmamalaga.com\/"},{"@type":"ListItem","position":2,"name":"Formaci\u00f3n de Entrenadores"}]},{"@type":"WebSite","@id":"https:\/\/mmamalaga.com\/#website","url":"https:\/\/mmamalaga.com\/","name":"Club Deportivo Monfrino","description":"Club Deportivo Oficial para impartir Artes Marciales Mixtas en M\u00e1laga","publisher":{"@id":"https:\/\/mmamalaga.com\/#organization"},"potentialAction":[{"@type":"SearchAction","target":{"@type":"EntryPoint","urlTemplate":"https:\/\/mmamalaga.com\/?s={search_term_string}"},"query-input":{"@type":"PropertyValueSpecification","valueRequired":true,"valueName":"search_term_string"}}],"inLanguage":"es"},{"@type":"Organization","@id":"https:\/\/mmamalaga.com\/#organization","name":"Club Deportivo Monfrino","url":"https:\/\/mmamalaga.com\/","logo":{"@type":"ImageObject","inLanguage":"es","@id":"https:\/\/mmamalaga.com\/#\/schema\/logo\/image\/","url":"http:\/\/mmamalaga.com\/wp-content\/uploads\/2018\/08\/logomonfri.png","contentUrl":"http:\/\/mmamalaga.com\/wp-content\/uploads\/2018\/08\/logomonfri.png","width":288,"height":300,"caption":"Club Deportivo Monfrino"},"image":{"@id":"https:\/\/mmamalaga.com\/#\/schema\/logo\/image\/"},"sameAs":["https:\/\/es-es.facebook.com\/C.D.Monfrino\/","https:\/\/www.youtube.com\/channel\/UCjsZ6FWqGH50enaFOLfBCZQ"]}]}},"_links":{"self":[{"href":"https:\/\/mmamalaga.com\/index.php?rest_route=\/wp\/v2\/pages\/156"}],"collection":[{"href":"https:\/\/mmamalaga.com\/index.php?rest_route=\/wp\/v2\/pages"}],"about":[{"href":"https:\/\/mmamalaga.com\/index.php?rest_route=\/wp\/v2\/types\/page"}],"author":[{"embeddable":true,"href":"https:\/\/mmamalaga.com\/index.php?rest_route=\/wp\/v2\/users\/1"}],"replies":[{"embeddable":true,"href":"https:\/\/mmamalaga.com\/index.php?rest_route=%2Fwp%2Fv2%2Fcomments&post=156"}],"version-history":[{"count":15,"href":"https:\/\/mmamalaga.com\/index.php?rest_route=\/wp\/v2\/pages\/156\/revisions"}],"predecessor-version":[{"id":2394,"href":"https:\/\/mmamalaga.com\/index.php?rest_route=\/wp\/v2\/pages\/156\/revisions\/2394"}],"wp:attachment":[{"href":"https:\/\/mmamalaga.com\/index.php?rest_route=%2Fwp%2Fv2%2Fmedia&parent=156"}],"curies":[{"name":"wp","href":"https:\/\/api.w.org\/{rel}","templated":true}]}}